{"id":2,"date":"2022-07-07T10:44:00","date_gmt":"2022-07-07T08:44:00","guid":{"rendered":"http:\/\/dev.gsit.se\/?page_id=2"},"modified":"2024-11-12T09:46:03","modified_gmt":"2024-11-12T08:46:03","slug":"exempelsida","status":"publish","type":"page","link":"https:\/\/gsit.se\/?page_id=2","title":{"rendered":"RMA och Villkor"},"content":{"rendered":"\t\t<div data-elementor-type=\"wp-page\" data-elementor-id=\"2\" class=\"elementor elementor-2\">\n\t\t\t\t\t\t<section class=\"elementor-section elementor-top-section elementor-element elementor-element-2368e00 elementor-section-boxed elementor-section-height-default elementor-section-height-default\" data-id=\"2368e00\" data-element_type=\"section\" data-e-type=\"section\">\n\t\t\t\t\t\t<div class=\"elementor-container elementor-column-gap-default\">\n\t\t\t\t\t<div class=\"elementor-column elementor-col-100 elementor-top-column elementor-element elementor-element-46001cc\" data-id=\"46001cc\" data-element_type=\"column\" data-e-type=\"column\">\n\t\t\t<div class=\"elementor-widget-wrap elementor-element-populated\">\n\t\t\t\t\t\t<div class=\"elementor-element elementor-element-dee0e17 elementor-widget elementor-widget-text-editor\" data-id=\"dee0e17\" data-element_type=\"widget\" data-e-type=\"widget\" data-widget_type=\"text-editor.default\">\n\t\t\t\t<div class=\"elementor-widget-container\">\n\t\t\t\t\t\t\t\t\t<h2><span style=\"color: inherit; font-size: inherit;\">Priser<\/span><\/h2>\n<p>Priserna uppdateras l\u00f6pande i shoppen. Varje pris m\u00e5ste anses vara dagsaktuellt om inget annat \u00e4r avtalat. Alla priser visas exklusive moms. Frakt tillkommer p\u00e5 varje order om inget annat har avtalats enligt information nedan. GSIT \u00e4ger r\u00e4tt att \u00e4ndra priser i shopen utan f\u00f6reg\u00e5ende avisering. Mellan GSIT och kund g\u00e4ller avtalat pris om inget annat s\u00e4rskilt \u00f6verenskommit.<\/p>\n<p>F\u00f6r best\u00e4llningsvaror och ej lagerf\u00f6rda varor f\u00f6rbeh\u00e5ller GSIT sig r\u00e4tten att makulera order i ett s\u00e5dant fall d\u00e5 vi ej kan erh\u00e5lla varan fr\u00e5n n\u00e5gon av v\u00e5ra leverant\u00f6rer eller att varans pris avsev\u00e4rt f\u00f6r\u00e4ndras.&nbsp;<\/p>\n<h2>Best\u00e4llning<\/h2>\n<p>Vid best\u00e4llning erh\u00e5ller du som kund en orderbekr\u00e4ftelse per epost. Detta \u00e4r ett erk\u00e4nnande att vi mottagit ordern men ej en bekr\u00e4ftelse p\u00e5 att vi kan leverera. Vid detta skede anses ordern vara bekr\u00e4ftad.<\/p>\n<p>Vi f\u00f6rbeh\u00e5ller oss r\u00e4tten att makulera order om vi ej kan inf\u00f6rskaffa produkten eller om ink\u00f6pspriset avsev\u00e4rt f\u00f6r\u00e4ndras fr\u00e5n ink\u00f6pstillf\u00e4llet.&nbsp;<\/p>\n<h2>Betalning<\/h2>\n<p>Betalning sker mot faktura, leasing\/finansiering.. K\u00f6p mot faktura eller hyra genomg\u00e5r sedvanlig kreditpr\u00f6vning innan ordern godk\u00e4nns.<\/p>\n<p>Fakturan skall betalas inom 30 dagar. Vid f\u00f6rsenad betalning har GSIT r\u00e4tt att ta ut dr\u00f6jsm\u00e5lsr\u00e4nta enligt r\u00e4ntelagen samt lagstadgad p\u00e5minnelseavgift och inkassoavgift inkluderat indrivningskostnader.<\/p>\n<p>Produkterna f\u00f6rblir GSIT&#8217;s egendom till dess full betalning erlagts.<\/p>\n<p>Om det finns sk\u00e4ligt tvivel avseende kundens betalningsf\u00f6rm\u00e5ga har GSIT r\u00e4tt att f\u00f6rkorta kredittiden, kr\u00e4va f\u00f6rskottsbetalning eller annan s\u00e4kerhet f\u00f6r framtida leveranser.<\/p>\n<h2>Leverans<\/h2>\n<p>Leveranser fr\u00e5n GSIT sker inom Sverige och av GSIT eller distribut\u00f6r eller anlitad transport\u00f6r eller budfirma med angivna leveransvillkor.<\/p>\n<p>Vi debiterar som standard en fraktkostnad p\u00e5 alla v\u00e5ra leveranser. Detta g\u00e4ller om inget annat anges.&nbsp;<\/p>\n<p>D\u00e5 vi i dagsl\u00e4get fr\u00e4mst jobbar med externa distribut\u00f6rer s\u00e5 kan leveranser ske i olika f\u00f6rs\u00e4ndelser och ocks\u00e5 med olika spedit\u00f6rer. Det kan vara, ut\u00f6ver Postnord som \u00e4r vanligast, Bring, DHL, Schenker, UPS eller annan spedit\u00f6r.<\/p>\n<p>N\u00e4r vi tar emot er order hanterar vi den skyndsamt och har som m\u00e5l att \u00e5terkomma med ett leveransbesked innan dagens slut.&nbsp;<\/p>\n<p>GSIT b\u00e4r inget ansvar f\u00f6r f\u00f6rsening relaterade till transport\u00f6r, f\u00f6rsening eller restnotering hos tillverkare eller distribut\u00f6r.<\/p>\n<p>N\u00e4r ordern \u00e4r behandlad hos leverant\u00f6rs lager finns ingen m\u00f6jlighet att \u00e4ndra leveransadress. Var noga med att korrekt leveransadress \u00e4r ifylld innan ordern l\u00e4ggs.<\/p>\n<p>F\u00f6r best\u00e4llningsvaror och ej lagerf\u00f6rda varor f\u00f6rbeh\u00e5ller GSIT sig r\u00e4tten att makulera order i ett s\u00e5dant fall d\u00e5 vi ej kan erh\u00e5lla varan fr\u00e5n n\u00e5gon av v\u00e5ra leverant\u00f6rer eller att varans pris avsev\u00e4rt f\u00f6r\u00e4ndras.&nbsp;<\/p>\n<h2>Reklamation &amp; Garanti<\/h2>\n<p>Kunden ska vid mottagande av leverans kontrollera produkten och leverans att den \u00e4r i godtagbart skick samt att produkten \u00e4r komplett och korrekt. Skulle det vara n\u00e5got felaktigt i leveransen skall detta meddelas GSIT omedelbart, dock inom 5 dagar fr\u00e5n leveransdatum samt returnera produkten p\u00e5 av GSIT angivet s\u00e4tt.<\/p>\n<p>Det finns tv\u00e5 typer av garanti\u00e4renden:<\/p>\n<ol>\n<li>DOA, produkten \u00e4r defekt vid leverans<\/li>\n<li>\u00d6vrig garanti<\/li>\n<\/ol>\n<p>G\u00e4llande dessa tv\u00e5 typer av \u00e4renden g\u00e4ller de villkor som GSIT har gentemot tillverkaren. Kundens villkor \u00e4r desamma som dessa.<\/p>\n<p>Vid reklamation ska kunden kontakta GSIT f\u00f6r instruktioner om vidare f\u00f6rfarande.&nbsp;<\/p>\n<p>Garanti t\u00e4cker inte fel som uppst\u00e5tt p\u00e5 grund av yttre p\u00e5verkan eller f\u00f6r\u00e4ndring av produktens funktion eller utseende.<\/p>\n<p>Garantitiden kan skilja sig mellan olika produkter och tillverkare. Detta specificeras i produktinformationen p\u00e5 respektive produkt. GSIT l\u00e4mnar inga ytterligare garantier ut\u00f6ver respektive tillverkares specificerade garantivillkor om inget annat avtalats.<\/p>\n<p>GSIT krediterar dig. Eventuell kreditering sker alltid till<br>fakturerat pris. Om den best\u00e4llda produkten har fler ing\u00e5ende komponenter<br>som sammantaget fakturerats som ett enhetspris kommer kredit baseras<br>p\u00e5 varje komponents ink\u00f6pspris vid tillf\u00e4llet f\u00f6r aff\u00e4ren.<\/p>\n<h2><span>Transportskador<\/span><\/h2>\n<p>Kunden ska vid mottagande av transporten kontrollera de levererade produkterna. Eventuell transportskada skall omedelbart anm\u00e4las till GSIT och transport\u00f6ren. I f\u00f6rekommande fall ska dolda skador anm\u00e4las s\u00e5 fort som m\u00f6jligt, senast inom en vecka fr\u00e5n mottagandet. Dr\u00f6jer det l\u00e4ngre tid \u00e4n s\u00e5 f\u00f6rlorar kunden samt GSIT r\u00e4tt att g\u00f6ra anspr\u00e5k mot transport\u00f6ren.<\/p>\n<h2>Retur<\/h2>\n<p>Retur av vara sker enbart vid felaktig leverans eller av \u00e4renden av typen Reklamation &amp; Garanti som godk\u00e4nts av GSIT om inget annat avtalats mellan GSIT och kund.<\/p>\n<p style=\"text-align: left;\">Alla produkter m\u00e5ste returneras i obrutna originalf\u00f6rpackningar komplett med samtliga tillbeh\u00f6r och vara fria fr\u00e5n smuts, prislappar, skador, tejp med reklam etc. Om produkten inte uppfyller dessa krav g\u00f6rs avdrag med minst 15%. Vid bruten f\u00f6rpackning g\u00f6rs avdrag p\u00e5 minst 15% alternativt 500 SEK beroende p\u00e5 produktens v\u00e4rde. N\u00e4r godset \u00e4r inskickat och mottaget g\u00f6rs en kontroll gentemot din returans\u00f6kan. Brutna f\u00f6rpackningar accepteras inte (undantag \u00e4r sj\u00e4lvklart DOA\/Garanti). Felaktiga returer skickas tillbaka.<\/p>\t\t\t\t\t\t\t\t<\/div>\n\t\t\t\t<\/div>\n\t\t\t\t\t<\/div>\n\t\t<\/div>\n\t\t\t\t\t<\/div>\n\t\t<\/section>\n\t\t\t\t<\/div>\n\t\t","protected":false},"excerpt":{"rendered":"<p>Priser Priserna uppdateras l\u00f6pande i shoppen. Varje pris m\u00e5ste anses vara dagsaktuellt om inget annat \u00e4r avtalat. Alla priser visas exklusive moms. Frakt tillkommer p\u00e5 varje order om inget annat har avtalats enligt information nedan. GSIT \u00e4ger r\u00e4tt att \u00e4ndra priser i shopen utan f\u00f6reg\u00e5ende avisering. Mellan GSIT och kund [&hellip;]<\/p>\n","protected":false},"author":1,"featured_media":0,"parent":50,"menu_order":0,"comment_status":"closed","ping_status":"closed","template":"elementor_theme","meta":{"_acf_changed":false,"_monsterinsights_skip_tracking":false,"_monsterinsights_sitenote_active":false,"_monsterinsights_sitenote_note":"","_monsterinsights_sitenote_category":0,"footnotes":""},"class_list":["post-2","page","type-page","status-publish","hentry"],"acf":[],"yoast_head":"<!-- This site is optimized with the Yoast SEO plugin v27.5 - https:\/\/yoast.com\/product\/yoast-seo-wordpress\/ -->\n<title>RMA och Villkor - GSIT Distribution<\/title>\n<meta name=\"robots\" content=\"index, follow, max-snippet:-1, max-image-preview:large, max-video-preview:-1\" \/>\n<link rel=\"canonical\" href=\"https:\/\/gsit.se\/?page_id=2\" \/>\n<meta property=\"og:locale\" content=\"sv_SE\" \/>\n<meta property=\"og:type\" content=\"article\" \/>\n<meta property=\"og:title\" content=\"RMA och Villkor - GSIT Distribution\" \/>\n<meta property=\"og:description\" content=\"Priser Priserna uppdateras l\u00f6pande i shoppen. Varje pris m\u00e5ste anses vara dagsaktuellt om inget annat \u00e4r avtalat. Alla priser visas exklusive moms. Frakt tillkommer p\u00e5 varje order om inget annat har avtalats enligt information nedan. GSIT \u00e4ger r\u00e4tt att \u00e4ndra priser i shopen utan f\u00f6reg\u00e5ende avisering. Mellan GSIT och kund [&hellip;]\" \/>\n<meta property=\"og:url\" content=\"https:\/\/gsit.se\/?page_id=2\" \/>\n<meta property=\"og:site_name\" content=\"GSIT Distribution\" \/>\n<meta property=\"article:modified_time\" content=\"2024-11-12T08:46:03+00:00\" \/>\n<meta name=\"twitter:card\" content=\"summary_large_image\" \/>\n<meta name=\"twitter:label1\" content=\"Ber\u00e4knad l\u00e4stid\" \/>\n\t<meta name=\"twitter:data1\" content=\"4 minuter\" \/>\n<script type=\"application\/ld+json\" class=\"yoast-schema-graph\">{\"@context\":\"https:\\\/\\\/schema.org\",\"@graph\":[{\"@type\":\"WebPage\",\"@id\":\"https:\\\/\\\/gsit.se\\\/?page_id=2\",\"url\":\"https:\\\/\\\/gsit.se\\\/?page_id=2\",\"name\":\"RMA och Villkor - GSIT Distribution\",\"isPartOf\":{\"@id\":\"https:\\\/\\\/gsit.se\\\/#website\"},\"datePublished\":\"2022-07-07T08:44:00+00:00\",\"dateModified\":\"2024-11-12T08:46:03+00:00\",\"breadcrumb\":{\"@id\":\"https:\\\/\\\/gsit.se\\\/?page_id=2#breadcrumb\"},\"inLanguage\":\"sv-SE\",\"potentialAction\":[{\"@type\":\"ReadAction\",\"target\":[\"https:\\\/\\\/gsit.se\\\/?page_id=2\"]}]},{\"@type\":\"BreadcrumbList\",\"@id\":\"https:\\\/\\\/gsit.se\\\/?page_id=2#breadcrumb\",\"itemListElement\":[{\"@type\":\"ListItem\",\"position\":1,\"name\":\"Hem\",\"item\":\"https:\\\/\\\/gsit.se\\\/\"},{\"@type\":\"ListItem\",\"position\":2,\"name\":\"Hem\",\"item\":\"https:\\\/\\\/gsit.se\\\/\"},{\"@type\":\"ListItem\",\"position\":3,\"name\":\"RMA och Villkor\"}]},{\"@type\":\"WebSite\",\"@id\":\"https:\\\/\\\/gsit.se\\\/#website\",\"url\":\"https:\\\/\\\/gsit.se\\\/\",\"name\":\"GSIT Distribution\",\"description\":\"GSIT Distribution\",\"publisher\":{\"@id\":\"https:\\\/\\\/gsit.se\\\/#organization\"},\"potentialAction\":[{\"@type\":\"SearchAction\",\"target\":{\"@type\":\"EntryPoint\",\"urlTemplate\":\"https:\\\/\\\/gsit.se\\\/?s={search_term_string}\"},\"query-input\":{\"@type\":\"PropertyValueSpecification\",\"valueRequired\":true,\"valueName\":\"search_term_string\"}}],\"inLanguage\":\"sv-SE\"},{\"@type\":\"Organization\",\"@id\":\"https:\\\/\\\/gsit.se\\\/#organization\",\"name\":\"GSIT Distribution\",\"url\":\"https:\\\/\\\/gsit.se\\\/\",\"logo\":{\"@type\":\"ImageObject\",\"inLanguage\":\"sv-SE\",\"@id\":\"https:\\\/\\\/gsit.se\\\/#\\\/schema\\\/logo\\\/image\\\/\",\"url\":\"https:\\\/\\\/dev.gsit.se\\\/wp-content\\\/uploads\\\/2022\\\/07\\\/cropped-Logo-GSIT-Distribution-Beskuren.jpg\",\"contentUrl\":\"https:\\\/\\\/dev.gsit.se\\\/wp-content\\\/uploads\\\/2022\\\/07\\\/cropped-Logo-GSIT-Distribution-Beskuren.jpg\",\"width\":562,\"height\":209,\"caption\":\"GSIT Distribution\"},\"image\":{\"@id\":\"https:\\\/\\\/gsit.se\\\/#\\\/schema\\\/logo\\\/image\\\/\"}}]}<\/script>\n<!-- \/ Yoast SEO plugin. -->","yoast_head_json":{"title":"RMA och Villkor - GSIT Distribution","robots":{"index":"index","follow":"follow","max-snippet":"max-snippet:-1","max-image-preview":"max-image-preview:large","max-video-preview":"max-video-preview:-1"},"canonical":"https:\/\/gsit.se\/?page_id=2","og_locale":"sv_SE","og_type":"article","og_title":"RMA och Villkor - GSIT Distribution","og_description":"Priser Priserna uppdateras l\u00f6pande i shoppen. Varje pris m\u00e5ste anses vara dagsaktuellt om inget annat \u00e4r avtalat. Alla priser visas exklusive moms. Frakt tillkommer p\u00e5 varje order om inget annat har avtalats enligt information nedan. GSIT \u00e4ger r\u00e4tt att \u00e4ndra priser i shopen utan f\u00f6reg\u00e5ende avisering. Mellan GSIT och kund [&hellip;]","og_url":"https:\/\/gsit.se\/?page_id=2","og_site_name":"GSIT Distribution","article_modified_time":"2024-11-12T08:46:03+00:00","twitter_card":"summary_large_image","twitter_misc":{"Ber\u00e4knad l\u00e4stid":"4 minuter"},"schema":{"@context":"https:\/\/schema.org","@graph":[{"@type":"WebPage","@id":"https:\/\/gsit.se\/?page_id=2","url":"https:\/\/gsit.se\/?page_id=2","name":"RMA och Villkor - GSIT Distribution","isPartOf":{"@id":"https:\/\/gsit.se\/#website"},"datePublished":"2022-07-07T08:44:00+00:00","dateModified":"2024-11-12T08:46:03+00:00","breadcrumb":{"@id":"https:\/\/gsit.se\/?page_id=2#breadcrumb"},"inLanguage":"sv-SE","potentialAction":[{"@type":"ReadAction","target":["https:\/\/gsit.se\/?page_id=2"]}]},{"@type":"BreadcrumbList","@id":"https:\/\/gsit.se\/?page_id=2#breadcrumb","itemListElement":[{"@type":"ListItem","position":1,"name":"Hem","item":"https:\/\/gsit.se\/"},{"@type":"ListItem","position":2,"name":"Hem","item":"https:\/\/gsit.se\/"},{"@type":"ListItem","position":3,"name":"RMA och Villkor"}]},{"@type":"WebSite","@id":"https:\/\/gsit.se\/#website","url":"https:\/\/gsit.se\/","name":"GSIT Distribution","description":"GSIT Distribution","publisher":{"@id":"https:\/\/gsit.se\/#organization"},"potentialAction":[{"@type":"SearchAction","target":{"@type":"EntryPoint","urlTemplate":"https:\/\/gsit.se\/?s={search_term_string}"},"query-input":{"@type":"PropertyValueSpecification","valueRequired":true,"valueName":"search_term_string"}}],"inLanguage":"sv-SE"},{"@type":"Organization","@id":"https:\/\/gsit.se\/#organization","name":"GSIT Distribution","url":"https:\/\/gsit.se\/","logo":{"@type":"ImageObject","inLanguage":"sv-SE","@id":"https:\/\/gsit.se\/#\/schema\/logo\/image\/","url":"https:\/\/dev.gsit.se\/wp-content\/uploads\/2022\/07\/cropped-Logo-GSIT-Distribution-Beskuren.jpg","contentUrl":"https:\/\/dev.gsit.se\/wp-content\/uploads\/2022\/07\/cropped-Logo-GSIT-Distribution-Beskuren.jpg","width":562,"height":209,"caption":"GSIT Distribution"},"image":{"@id":"https:\/\/gsit.se\/#\/schema\/logo\/image\/"}}]}},"jetpack_sharing_enabled":true,"_links":{"self":[{"href":"https:\/\/gsit.se\/index.php?rest_route=\/wp\/v2\/pages\/2","targetHints":{"allow":["GET"]}}],"collection":[{"href":"https:\/\/gsit.se\/index.php?rest_route=\/wp\/v2\/pages"}],"about":[{"href":"https:\/\/gsit.se\/index.php?rest_route=\/wp\/v2\/types\/page"}],"author":[{"embeddable":true,"href":"https:\/\/gsit.se\/index.php?rest_route=\/wp\/v2\/users\/1"}],"replies":[{"embeddable":true,"href":"https:\/\/gsit.se\/index.php?rest_route=%2Fwp%2Fv2%2Fcomments&post=2"}],"version-history":[{"count":38,"href":"https:\/\/gsit.se\/index.php?rest_route=\/wp\/v2\/pages\/2\/revisions"}],"predecessor-version":[{"id":734,"href":"https:\/\/gsit.se\/index.php?rest_route=\/wp\/v2\/pages\/2\/revisions\/734"}],"up":[{"embeddable":true,"href":"https:\/\/gsit.se\/index.php?rest_route=\/wp\/v2\/pages\/50"}],"wp:attachment":[{"href":"https:\/\/gsit.se\/index.php?rest_route=%2Fwp%2Fv2%2Fmedia&parent=2"}],"curies":[{"name":"wp","href":"https:\/\/api.w.org\/{rel}","templated":true}]}}