{"id":50,"date":"2022-07-14T15:19:52","date_gmt":"2022-07-14T13:19:52","guid":{"rendered":"https:\/\/dev.gsit.se\/?page_id=50"},"modified":"2022-07-28T17:32:36","modified_gmt":"2022-07-28T15:32:36","slug":"hem","status":"publish","type":"page","link":"https:\/\/gsit.se\/","title":{"rendered":"Hem"},"content":{"rendered":"\t\t<div data-elementor-type=\"wp-page\" data-elementor-id=\"50\" class=\"elementor elementor-50\">\n\t\t\t\t\t\t<section class=\"elementor-section elementor-top-section elementor-element elementor-element-a91ed6c elementor-section-boxed elementor-section-height-default elementor-section-height-default\" data-id=\"a91ed6c\" data-element_type=\"section\" data-e-type=\"section\">\n\t\t\t\t\t\t<div class=\"elementor-container elementor-column-gap-default\">\n\t\t\t\t\t<div class=\"elementor-column elementor-col-100 elementor-top-column elementor-element elementor-element-9eedaa0\" data-id=\"9eedaa0\" data-element_type=\"column\" data-e-type=\"column\">\n\t\t\t<div class=\"elementor-widget-wrap elementor-element-populated\">\n\t\t\t\t\t\t<div class=\"elementor-element elementor-element-01f93e6 elementor-widget elementor-widget-heading\" data-id=\"01f93e6\" data-element_type=\"widget\" data-e-type=\"widget\" data-widget_type=\"heading.default\">\n\t\t\t\t<div class=\"elementor-widget-container\">\n\t\t\t\t\t<h2 class=\"elementor-heading-title elementor-size-default\">Varf\u00f6r GSIT Distribution?<br><\/h2>\t\t\t\t<\/div>\n\t\t\t\t<\/div>\n\t\t\t\t\t<\/div>\n\t\t<\/div>\n\t\t\t\t\t<\/div>\n\t\t<\/section>\n\t\t\t\t<section class=\"elementor-section elementor-top-section elementor-element elementor-element-767c271 elementor-section-boxed elementor-section-height-default elementor-section-height-default\" data-id=\"767c271\" data-element_type=\"section\" data-e-type=\"section\">\n\t\t\t\t\t\t<div class=\"elementor-container elementor-column-gap-default\">\n\t\t\t\t\t<div class=\"elementor-column elementor-col-100 elementor-top-column elementor-element elementor-element-3bf0422\" data-id=\"3bf0422\" data-element_type=\"column\" data-e-type=\"column\">\n\t\t\t<div class=\"elementor-widget-wrap elementor-element-populated\">\n\t\t\t\t\t\t<div class=\"elementor-element elementor-element-52dff0d elementor-widget elementor-widget-spacer\" data-id=\"52dff0d\" data-element_type=\"widget\" data-e-type=\"widget\" data-widget_type=\"spacer.default\">\n\t\t\t\t<div class=\"elementor-widget-container\">\n\t\t\t\t\t\t\t<div class=\"elementor-spacer\">\n\t\t\t<div class=\"elementor-spacer-inner\"><\/div>\n\t\t<\/div>\n\t\t\t\t\t\t<\/div>\n\t\t\t\t<\/div>\n\t\t\t\t\t<\/div>\n\t\t<\/div>\n\t\t\t\t\t<\/div>\n\t\t<\/section>\n\t\t\t\t<section class=\"elementor-section elementor-top-section elementor-element elementor-element-2d9c634 elementor-section-boxed elementor-section-height-default elementor-section-height-default\" data-id=\"2d9c634\" data-element_type=\"section\" data-e-type=\"section\">\n\t\t\t\t\t\t<div class=\"elementor-container elementor-column-gap-default\">\n\t\t\t\t\t<div class=\"elementor-column elementor-col-33 elementor-top-column elementor-element elementor-element-8ba8306\" data-id=\"8ba8306\" data-element_type=\"column\" data-e-type=\"column\">\n\t\t\t<div class=\"elementor-widget-wrap elementor-element-populated\">\n\t\t\t\t\t\t<div class=\"elementor-element elementor-element-4ebccf7 elementor-widget elementor-widget-text-editor\" data-id=\"4ebccf7\" data-element_type=\"widget\" data-e-type=\"widget\" data-widget_type=\"text-editor.default\">\n\t\t\t\t<div class=\"elementor-widget-container\">\n\t\t\t\t\t\t\t\t\t<h5><\/h5><h5><img decoding=\"async\" src=\"https:\/\/dev.gsit.se\/wp-content\/uploads\/2022\/07\/group-1824145-1-150x150.png\" alt=\"\" class=\" wp-image-172 aligncenter\" width=\"80\" height=\"80\" srcset=\"https:\/\/gsit.se\/wp-content\/uploads\/2022\/07\/group-1824145-1-150x150.png 150w, https:\/\/gsit.se\/wp-content\/uploads\/2022\/07\/group-1824145-1-300x300.png 300w, https:\/\/gsit.se\/wp-content\/uploads\/2022\/07\/group-1824145-1-1024x1024.png 1024w, https:\/\/gsit.se\/wp-content\/uploads\/2022\/07\/group-1824145-1-768x768.png 768w, https:\/\/gsit.se\/wp-content\/uploads\/2022\/07\/group-1824145-1-1536x1536.png 1536w, https:\/\/gsit.se\/wp-content\/uploads\/2022\/07\/group-1824145-1.png 1920w\" sizes=\"(max-width: 80px) 100vw, 80px\" \/><\/h5><h5 style=\"text-align: center;\"><strong>Mycket god service<\/strong><\/h5><p style=\"text-align: left;\"><span style=\"color: #999999; font-size: 12pt;\">Vi \u00e4r kanske den trevligaste och mest serviceinriktade IT-leverant\u00f6ren p\u00e5 marknaden. Vi g\u00e5r alltid den extra milen f\u00f6r att hitta en l\u00f6sning p\u00e5 v\u00e5r kunds problem. Du kan f\u00f6rv\u00e4nta dig ett snabbt svar fr\u00e5n oss.\u00a0<\/span><\/p>\t\t\t\t\t\t\t\t<\/div>\n\t\t\t\t<\/div>\n\t\t\t\t\t<\/div>\n\t\t<\/div>\n\t\t\t\t<div class=\"elementor-column elementor-col-33 elementor-top-column elementor-element elementor-element-45ed83c\" data-id=\"45ed83c\" data-element_type=\"column\" data-e-type=\"column\">\n\t\t\t<div class=\"elementor-widget-wrap elementor-element-populated\">\n\t\t\t\t\t\t<div class=\"elementor-element elementor-element-34d59b6 elementor-widget elementor-widget-text-editor\" data-id=\"34d59b6\" data-element_type=\"widget\" data-e-type=\"widget\" data-widget_type=\"text-editor.default\">\n\t\t\t\t<div class=\"elementor-widget-container\">\n\t\t\t\t\t\t\t\t\t<p><\/p><p><img decoding=\"async\" src=\"https:\/\/dev.gsit.se\/wp-content\/uploads\/2022\/07\/cpu-2103856-150x150.png\" alt=\"\" class=\"wp-image-170 aligncenter\" width=\"80\" height=\"80\" srcset=\"https:\/\/gsit.se\/wp-content\/uploads\/2022\/07\/cpu-2103856-150x150.png 150w, https:\/\/gsit.se\/wp-content\/uploads\/2022\/07\/cpu-2103856-300x300.png 300w, https:\/\/gsit.se\/wp-content\/uploads\/2022\/07\/cpu-2103856-1024x1024.png 1024w, https:\/\/gsit.se\/wp-content\/uploads\/2022\/07\/cpu-2103856-768x768.png 768w, https:\/\/gsit.se\/wp-content\/uploads\/2022\/07\/cpu-2103856-1536x1536.png 1536w, https:\/\/gsit.se\/wp-content\/uploads\/2022\/07\/cpu-2103856.png 1920w\" sizes=\"(max-width: 80px) 100vw, 80px\" \/><\/p><h5 style=\"text-align: center;\"><strong>L\u00f6sningsorienterade<\/strong><\/h5><p style=\"text-align: left;\"><span style=\"color: #999999; font-size: 12pt;\">Vet du inte vilken produkt du beh\u00f6ver men har en satt budget? Fr\u00e5ga oss s\u00e5 kommer vi med ett l\u00f6sningsf\u00f6rslag. M\u00e5nga g\u00e5nger kan vi genom v\u00e5rt n\u00e4tverk hitta produkter som tillverkare har sv\u00e5rt att leverera.\u00a0<\/span><\/p>\t\t\t\t\t\t\t\t<\/div>\n\t\t\t\t<\/div>\n\t\t\t\t\t<\/div>\n\t\t<\/div>\n\t\t\t\t<div class=\"elementor-column elementor-col-33 elementor-top-column elementor-element elementor-element-0fb29ac\" data-id=\"0fb29ac\" data-element_type=\"column\" data-e-type=\"column\">\n\t\t\t<div class=\"elementor-widget-wrap elementor-element-populated\">\n\t\t\t\t\t\t<div class=\"elementor-element elementor-element-fdde48d elementor-widget elementor-widget-text-editor\" data-id=\"fdde48d\" data-element_type=\"widget\" data-e-type=\"widget\" data-widget_type=\"text-editor.default\">\n\t\t\t\t<div class=\"elementor-widget-container\">\n\t\t\t\t\t\t\t\t\t<p><\/p><p><img decoding=\"async\" src=\"https:\/\/dev.gsit.se\/wp-content\/uploads\/2022\/07\/gear-1077550-150x150.png\" alt=\"\" class=\"wp-image-171 aligncenter\" width=\"80\" height=\"80\" srcset=\"https:\/\/gsit.se\/wp-content\/uploads\/2022\/07\/gear-1077550-150x150.png 150w, https:\/\/gsit.se\/wp-content\/uploads\/2022\/07\/gear-1077550-300x300.png 300w, https:\/\/gsit.se\/wp-content\/uploads\/2022\/07\/gear-1077550-1024x1024.png 1024w, https:\/\/gsit.se\/wp-content\/uploads\/2022\/07\/gear-1077550-768x768.png 768w, https:\/\/gsit.se\/wp-content\/uploads\/2022\/07\/gear-1077550-1536x1536.png 1536w, https:\/\/gsit.se\/wp-content\/uploads\/2022\/07\/gear-1077550.png 1920w\" sizes=\"(max-width: 80px) 100vw, 80px\" \/><\/p><h5 style=\"text-align: center;\"><strong>Kundfokuserade<\/strong><\/h5><p style=\"text-align: left;\"><span style=\"color: #999999; font-size: 12pt;\">Det finns ingen aff\u00e4r som \u00e4r f\u00f6r liten eller kund som \u00e4r f\u00f6r stor, vi hj\u00e4lper alla v\u00e5ra kunder. Alla f\u00f6rfr\u00e5gningar \u00e4r viktiga f\u00f6r oss.<\/span><\/p>\t\t\t\t\t\t\t\t<\/div>\n\t\t\t\t<\/div>\n\t\t\t\t\t<\/div>\n\t\t<\/div>\n\t\t\t\t\t<\/div>\n\t\t<\/section>\n\t\t\t\t<section class=\"elementor-section elementor-top-section elementor-element elementor-element-b16b2c2 elementor-section-boxed elementor-section-height-default elementor-section-height-default\" data-id=\"b16b2c2\" data-element_type=\"section\" data-e-type=\"section\">\n\t\t\t\t\t\t<div class=\"elementor-container elementor-column-gap-default\">\n\t\t\t\t\t<div class=\"elementor-column elementor-col-100 elementor-top-column elementor-element elementor-element-f3b5960\" data-id=\"f3b5960\" data-element_type=\"column\" data-e-type=\"column\">\n\t\t\t<div class=\"elementor-widget-wrap elementor-element-populated\">\n\t\t\t\t\t\t<div class=\"elementor-element elementor-element-522dde2 elementor-widget elementor-widget-text-editor\" data-id=\"522dde2\" data-element_type=\"widget\" data-e-type=\"widget\" data-widget_type=\"text-editor.default\">\n\t\t\t\t<div class=\"elementor-widget-container\">\n\t\t\t\t\t\t\t\t\t<h5><\/h5><h5>Om GSIT Distribution<\/h5><p style=\"text-align: left;\"><img loading=\"lazy\" decoding=\"async\" src=\"https:\/\/dev.gsit.se\/wp-content\/uploads\/2022\/07\/customer-service-1433639-2-150x150.png\" alt=\"\" width=\"150\" height=\"150\" class=\"alignnone size-thumbnail wp-image-306 alignright\" srcset=\"https:\/\/gsit.se\/wp-content\/uploads\/2022\/07\/customer-service-1433639-2-150x150.png 150w, https:\/\/gsit.se\/wp-content\/uploads\/2022\/07\/customer-service-1433639-2-300x300.png 300w, https:\/\/gsit.se\/wp-content\/uploads\/2022\/07\/customer-service-1433639-2-1024x1024.png 1024w, https:\/\/gsit.se\/wp-content\/uploads\/2022\/07\/customer-service-1433639-2-768x768.png 768w, https:\/\/gsit.se\/wp-content\/uploads\/2022\/07\/customer-service-1433639-2-1536x1536.png 1536w, https:\/\/gsit.se\/wp-content\/uploads\/2022\/07\/customer-service-1433639-2.png 2000w\" sizes=\"(max-width: 150px) 100vw, 150px\" \/><\/p><p style=\"text-align: left;\"><span style=\"color: #999999; font-size: 12pt;\">Vi \u00e4r \u00f6vertygade om att starka och n\u00e4ra relationer till b\u00e5de kunder och leverant\u00f6rer \u00e4r grunden f\u00f6r en god aff\u00e4r. Med ett genuint personligt engagemang, f\u00f6rst\u00e5else och respekt f\u00f6r v\u00e5r \u00e5terf\u00f6rs\u00e4ljares och slutkunds aff\u00e4r, skapar vi och levererar de b\u00e4sta IT-l\u00f6sningarna inom server, storage och n\u00e4tverk.\u00a0<\/span><\/p>\t\t\t\t\t\t\t\t<\/div>\n\t\t\t\t<\/div>\n\t\t\t\t\t<\/div>\n\t\t<\/div>\n\t\t\t\t\t<\/div>\n\t\t<\/section>\n\t\t\t\t<\/div>\n\t\t","protected":false},"excerpt":{"rendered":"<p>Varf\u00f6r GSIT Distribution? Mycket god service Vi \u00e4r kanske den trevligaste och mest serviceinriktade IT-leverant\u00f6ren p\u00e5 marknaden. Vi g\u00e5r alltid den extra milen f\u00f6r att hitta en l\u00f6sning p\u00e5 v\u00e5r kunds problem. Du kan f\u00f6rv\u00e4nta dig ett snabbt svar fr\u00e5n oss.&nbsp; L\u00f6sningsorienterade Vet du inte vilken produkt du beh\u00f6ver men [&hellip;]<\/p>\n","protected":false},"author":2,"featured_media":0,"parent":0,"menu_order":0,"comment_status":"closed","ping_status":"closed","template":"","meta":{"_acf_changed":false,"_monsterinsights_skip_tracking":false,"_monsterinsights_sitenote_active":false,"_monsterinsights_sitenote_note":"","_monsterinsights_sitenote_category":0,"footnotes":""},"class_list":["post-50","page","type-page","status-publish","hentry"],"acf":[],"yoast_head":"<!-- This site is optimized with the Yoast SEO plugin v27.3 - https:\/\/yoast.com\/product\/yoast-seo-wordpress\/ -->\n<title>GSIT Distribution - Distribut\u00f6r av Servers, Storage och N\u00e4tverk<\/title>\n<meta name=\"description\" content=\"GSIT Distribution - GSIT Distribution \u00e4r distribut\u00f6r av server, storage och n\u00e4tverk. Vi arbetar med m\u00e4rken s\u00e5som Microsoft, HP, APC, Aruba Networks, Cisco, IBM, Juniper, Lenovo, HPE, Datalogic, Zebra, Epson, Apple, Dell och Prowise.\" \/>\n<meta name=\"robots\" content=\"index, follow, max-snippet:-1, max-image-preview:large, max-video-preview:-1\" \/>\n<link rel=\"canonical\" href=\"https:\/\/gsit.se\/\" \/>\n<meta property=\"og:locale\" content=\"sv_SE\" \/>\n<meta property=\"og:type\" content=\"article\" \/>\n<meta property=\"og:title\" content=\"GSIT Distribution - Distribut\u00f6r av Servers, Storage och N\u00e4tverk\" \/>\n<meta property=\"og:description\" content=\"GSIT Distribution - GSIT Distribution \u00e4r distribut\u00f6r av server, storage och n\u00e4tverk. Vi arbetar med m\u00e4rken s\u00e5som Microsoft, HP, APC, Aruba Networks, Cisco, IBM, Juniper, Lenovo, HPE, Datalogic, Zebra, Epson, Apple, Dell och Prowise.\" \/>\n<meta property=\"og:url\" content=\"https:\/\/gsit.se\/\" \/>\n<meta property=\"og:site_name\" content=\"GSIT Distribution\" \/>\n<meta property=\"article:modified_time\" content=\"2022-07-28T15:32:36+00:00\" \/>\n<meta property=\"og:image\" content=\"https:\/\/dev.gsit.se\/wp-content\/uploads\/2022\/07\/group-1824145-1-150x150.png\" \/>\n<meta name=\"twitter:card\" content=\"summary_large_image\" \/>\n<meta name=\"twitter:label1\" content=\"Ber\u00e4knad l\u00e4stid\" \/>\n\t<meta name=\"twitter:data1\" content=\"2 minuter\" \/>\n<script type=\"application\/ld+json\" class=\"yoast-schema-graph\">{\"@context\":\"https:\\\/\\\/schema.org\",\"@graph\":[{\"@type\":\"WebPage\",\"@id\":\"https:\\\/\\\/gsit.se\\\/\",\"url\":\"https:\\\/\\\/gsit.se\\\/\",\"name\":\"GSIT Distribution - Distribut\u00f6r av Servers, Storage och N\u00e4tverk\",\"isPartOf\":{\"@id\":\"https:\\\/\\\/gsit.se\\\/#website\"},\"primaryImageOfPage\":{\"@id\":\"https:\\\/\\\/gsit.se\\\/#primaryimage\"},\"image\":{\"@id\":\"https:\\\/\\\/gsit.se\\\/#primaryimage\"},\"thumbnailUrl\":\"https:\\\/\\\/dev.gsit.se\\\/wp-content\\\/uploads\\\/2022\\\/07\\\/group-1824145-1-150x150.png\",\"datePublished\":\"2022-07-14T13:19:52+00:00\",\"dateModified\":\"2022-07-28T15:32:36+00:00\",\"description\":\"GSIT Distribution - GSIT Distribution \u00e4r distribut\u00f6r av server, storage och n\u00e4tverk. Vi arbetar med m\u00e4rken s\u00e5som Microsoft, HP, APC, Aruba Networks, Cisco, IBM, Juniper, Lenovo, HPE, Datalogic, Zebra, Epson, Apple, Dell och Prowise.\",\"breadcrumb\":{\"@id\":\"https:\\\/\\\/gsit.se\\\/#breadcrumb\"},\"inLanguage\":\"sv-SE\",\"potentialAction\":[{\"@type\":\"ReadAction\",\"target\":[\"https:\\\/\\\/gsit.se\\\/\"]}]},{\"@type\":\"ImageObject\",\"inLanguage\":\"sv-SE\",\"@id\":\"https:\\\/\\\/gsit.se\\\/#primaryimage\",\"url\":\"https:\\\/\\\/dev.gsit.se\\\/wp-content\\\/uploads\\\/2022\\\/07\\\/group-1824145-1-150x150.png\",\"contentUrl\":\"https:\\\/\\\/dev.gsit.se\\\/wp-content\\\/uploads\\\/2022\\\/07\\\/group-1824145-1-150x150.png\"},{\"@type\":\"BreadcrumbList\",\"@id\":\"https:\\\/\\\/gsit.se\\\/#breadcrumb\",\"itemListElement\":[{\"@type\":\"ListItem\",\"position\":1,\"name\":\"Hem\",\"item\":\"https:\\\/\\\/gsit.se\\\/\"},{\"@type\":\"ListItem\",\"position\":2,\"name\":\"Hem\"}]},{\"@type\":\"WebSite\",\"@id\":\"https:\\\/\\\/gsit.se\\\/#website\",\"url\":\"https:\\\/\\\/gsit.se\\\/\",\"name\":\"GSIT Distribution\",\"description\":\"GSIT Distribution\",\"publisher\":{\"@id\":\"https:\\\/\\\/gsit.se\\\/#organization\"},\"potentialAction\":[{\"@type\":\"SearchAction\",\"target\":{\"@type\":\"EntryPoint\",\"urlTemplate\":\"https:\\\/\\\/gsit.se\\\/?s={search_term_string}\"},\"query-input\":{\"@type\":\"PropertyValueSpecification\",\"valueRequired\":true,\"valueName\":\"search_term_string\"}}],\"inLanguage\":\"sv-SE\"},{\"@type\":\"Organization\",\"@id\":\"https:\\\/\\\/gsit.se\\\/#organization\",\"name\":\"GSIT Distribution\",\"url\":\"https:\\\/\\\/gsit.se\\\/\",\"logo\":{\"@type\":\"ImageObject\",\"inLanguage\":\"sv-SE\",\"@id\":\"https:\\\/\\\/gsit.se\\\/#\\\/schema\\\/logo\\\/image\\\/\",\"url\":\"https:\\\/\\\/dev.gsit.se\\\/wp-content\\\/uploads\\\/2022\\\/07\\\/cropped-Logo-GSIT-Distribution-Beskuren.jpg\",\"contentUrl\":\"https:\\\/\\\/dev.gsit.se\\\/wp-content\\\/uploads\\\/2022\\\/07\\\/cropped-Logo-GSIT-Distribution-Beskuren.jpg\",\"width\":562,\"height\":209,\"caption\":\"GSIT Distribution\"},\"image\":{\"@id\":\"https:\\\/\\\/gsit.se\\\/#\\\/schema\\\/logo\\\/image\\\/\"}}]}<\/script>\n<!-- \/ Yoast SEO plugin. -->","yoast_head_json":{"title":"GSIT Distribution - Distribut\u00f6r av Servers, Storage och N\u00e4tverk","description":"GSIT Distribution - GSIT Distribution \u00e4r distribut\u00f6r av server, storage och n\u00e4tverk. Vi arbetar med m\u00e4rken s\u00e5som Microsoft, HP, APC, Aruba Networks, Cisco, IBM, Juniper, Lenovo, HPE, Datalogic, Zebra, Epson, Apple, Dell och Prowise.","robots":{"index":"index","follow":"follow","max-snippet":"max-snippet:-1","max-image-preview":"max-image-preview:large","max-video-preview":"max-video-preview:-1"},"canonical":"https:\/\/gsit.se\/","og_locale":"sv_SE","og_type":"article","og_title":"GSIT Distribution - Distribut\u00f6r av Servers, Storage och N\u00e4tverk","og_description":"GSIT Distribution - GSIT Distribution \u00e4r distribut\u00f6r av server, storage och n\u00e4tverk. Vi arbetar med m\u00e4rken s\u00e5som Microsoft, HP, APC, Aruba Networks, Cisco, IBM, Juniper, Lenovo, HPE, Datalogic, Zebra, Epson, Apple, Dell och Prowise.","og_url":"https:\/\/gsit.se\/","og_site_name":"GSIT Distribution","article_modified_time":"2022-07-28T15:32:36+00:00","og_image":[{"url":"https:\/\/dev.gsit.se\/wp-content\/uploads\/2022\/07\/group-1824145-1-150x150.png","type":"","width":"","height":""}],"twitter_card":"summary_large_image","twitter_misc":{"Ber\u00e4knad l\u00e4stid":"2 minuter"},"schema":{"@context":"https:\/\/schema.org","@graph":[{"@type":"WebPage","@id":"https:\/\/gsit.se\/","url":"https:\/\/gsit.se\/","name":"GSIT Distribution - Distribut\u00f6r av Servers, Storage och N\u00e4tverk","isPartOf":{"@id":"https:\/\/gsit.se\/#website"},"primaryImageOfPage":{"@id":"https:\/\/gsit.se\/#primaryimage"},"image":{"@id":"https:\/\/gsit.se\/#primaryimage"},"thumbnailUrl":"https:\/\/dev.gsit.se\/wp-content\/uploads\/2022\/07\/group-1824145-1-150x150.png","datePublished":"2022-07-14T13:19:52+00:00","dateModified":"2022-07-28T15:32:36+00:00","description":"GSIT Distribution - GSIT Distribution \u00e4r distribut\u00f6r av server, storage och n\u00e4tverk. Vi arbetar med m\u00e4rken s\u00e5som Microsoft, HP, APC, Aruba Networks, Cisco, IBM, Juniper, Lenovo, HPE, Datalogic, Zebra, Epson, Apple, Dell och Prowise.","breadcrumb":{"@id":"https:\/\/gsit.se\/#breadcrumb"},"inLanguage":"sv-SE","potentialAction":[{"@type":"ReadAction","target":["https:\/\/gsit.se\/"]}]},{"@type":"ImageObject","inLanguage":"sv-SE","@id":"https:\/\/gsit.se\/#primaryimage","url":"https:\/\/dev.gsit.se\/wp-content\/uploads\/2022\/07\/group-1824145-1-150x150.png","contentUrl":"https:\/\/dev.gsit.se\/wp-content\/uploads\/2022\/07\/group-1824145-1-150x150.png"},{"@type":"BreadcrumbList","@id":"https:\/\/gsit.se\/#breadcrumb","itemListElement":[{"@type":"ListItem","position":1,"name":"Hem","item":"https:\/\/gsit.se\/"},{"@type":"ListItem","position":2,"name":"Hem"}]},{"@type":"WebSite","@id":"https:\/\/gsit.se\/#website","url":"https:\/\/gsit.se\/","name":"GSIT Distribution","description":"GSIT Distribution","publisher":{"@id":"https:\/\/gsit.se\/#organization"},"potentialAction":[{"@type":"SearchAction","target":{"@type":"EntryPoint","urlTemplate":"https:\/\/gsit.se\/?s={search_term_string}"},"query-input":{"@type":"PropertyValueSpecification","valueRequired":true,"valueName":"search_term_string"}}],"inLanguage":"sv-SE"},{"@type":"Organization","@id":"https:\/\/gsit.se\/#organization","name":"GSIT Distribution","url":"https:\/\/gsit.se\/","logo":{"@type":"ImageObject","inLanguage":"sv-SE","@id":"https:\/\/gsit.se\/#\/schema\/logo\/image\/","url":"https:\/\/dev.gsit.se\/wp-content\/uploads\/2022\/07\/cropped-Logo-GSIT-Distribution-Beskuren.jpg","contentUrl":"https:\/\/dev.gsit.se\/wp-content\/uploads\/2022\/07\/cropped-Logo-GSIT-Distribution-Beskuren.jpg","width":562,"height":209,"caption":"GSIT Distribution"},"image":{"@id":"https:\/\/gsit.se\/#\/schema\/logo\/image\/"}}]}},"jetpack_sharing_enabled":true,"_links":{"self":[{"href":"https:\/\/gsit.se\/index.php?rest_route=\/wp\/v2\/pages\/50","targetHints":{"allow":["GET"]}}],"collection":[{"href":"https:\/\/gsit.se\/index.php?rest_route=\/wp\/v2\/pages"}],"about":[{"href":"https:\/\/gsit.se\/index.php?rest_route=\/wp\/v2\/types\/page"}],"author":[{"embeddable":true,"href":"https:\/\/gsit.se\/index.php?rest_route=\/wp\/v2\/users\/2"}],"replies":[{"embeddable":true,"href":"https:\/\/gsit.se\/index.php?rest_route=%2Fwp%2Fv2%2Fcomments&post=50"}],"version-history":[{"count":219,"href":"https:\/\/gsit.se\/index.php?rest_route=\/wp\/v2\/pages\/50\/revisions"}],"predecessor-version":[{"id":661,"href":"https:\/\/gsit.se\/index.php?rest_route=\/wp\/v2\/pages\/50\/revisions\/661"}],"wp:attachment":[{"href":"https:\/\/gsit.se\/index.php?rest_route=%2Fwp%2Fv2%2Fmedia&parent=50"}],"curies":[{"name":"wp","href":"https:\/\/api.w.org\/{rel}","templated":true}]}}